{"id":954,"date":"2024-10-07T14:32:43","date_gmt":"2024-10-07T12:32:43","guid":{"rendered":"https:\/\/soco-store-lyon.com\/?page_id=954"},"modified":"2024-10-07T14:32:44","modified_gmt":"2024-10-07T12:32:44","slug":"nos-occasions","status":"publish","type":"page","link":"https:\/\/soco-store-lyon.com\/index.php\/nos-occasions\/","title":{"rendered":"Nos Occasions"},"content":{"rendered":"\n<p>Nous avons une s\u00e9lection de motos d\u2019occasion en excellent \u00e9tat, pr\u00eates \u00e0 trouver un nouveau propri\u00e9taire. Chaque moto a \u00e9t\u00e9 soigneusement entretenue et est pr\u00eate \u00e0 rouler. <\/p>\n\n\n\n<p>liste en concession  <\/p>\n\n\n\n<p>Chaque moto est vendue avec ses accessoires d\u2019origine et un manuel d\u2019utilisation. N\u2019h\u00e9sitez pas \u00e0 nous contacter pour plus d\u2019informations ou pour organiser une visite. Nous serons ravis de vous aider \u00e0 trouver la moto qui vous convient.<\/p>\n\n\n\n<p><strong>Contact :<\/strong> 06 16 72 74 94<\/p>\n\n\n\n<hr class=\"wp-block-separator\"\/>\n\n\n\n<p><\/p>\n","protected":false},"excerpt":{"rendered":"<p>Nous avons une s\u00e9lection de motos d\u2019occasion en excellent \u00e9tat, pr\u00eates \u00e0 trouver un nouveau propri\u00e9taire. Chaque moto a \u00e9t\u00e9 soigneusement entretenue [&hellip;]<\/p>\n","protected":false},"author":1,"featured_media":0,"parent":0,"menu_order":0,"comment_status":"closed","ping_status":"closed","template":"","meta":[],"_links":{"self":[{"href":"https:\/\/soco-store-lyon.com\/index.php\/wp-json\/wp\/v2\/pages\/954"}],"collection":[{"href":"https:\/\/soco-store-lyon.com\/index.php\/wp-json\/wp\/v2\/pages"}],"about":[{"href":"https:\/\/soco-store-lyon.com\/index.php\/wp-json\/wp\/v2\/types\/page"}],"author":[{"embeddable":true,"href":"https:\/\/soco-store-lyon.com\/index.php\/wp-json\/wp\/v2\/users\/1"}],"replies":[{"embeddable":true,"href":"https:\/\/soco-store-lyon.com\/index.php\/wp-json\/wp\/v2\/comments?post=954"}],"version-history":[{"count":1,"href":"https:\/\/soco-store-lyon.com\/index.php\/wp-json\/wp\/v2\/pages\/954\/revisions"}],"predecessor-version":[{"id":956,"href":"https:\/\/soco-store-lyon.com\/index.php\/wp-json\/wp\/v2\/pages\/954\/revisions\/956"}],"wp:attachment":[{"href":"https:\/\/soco-store-lyon.com\/index.php\/wp-json\/wp\/v2\/media?parent=954"}],"curies":[{"name":"wp","href":"https:\/\/api.w.org\/{rel}","templated":true}]}}