{"id":8,"date":"2018-05-15T15:19:39","date_gmt":"2018-05-15T13:19:39","guid":{"rendered":"http:\/\/soco-store-lyon.com\/?page_id=8"},"modified":"2020-01-11T17:32:36","modified_gmt":"2020-01-11T16:32:36","slug":"a-propos-de","status":"publish","type":"page","link":"https:\/\/soco-store-lyon.com\/index.php\/a-propos-de\/","title":{"rendered":"\u00c0 propos de SOCO STORE LYON"},"content":{"rendered":"<p>Le showroom Super Soco de la Sarl GreenMooW<\/p>\n<p><img loading=\"lazy\" class=\"alignnone size-medium wp-image-376\" src=\"http:\/\/soco-store-lyon.com\/wp-content\/uploads\/2020\/01\/IMG-GARIBALDI-300x156.jpg\" alt=\"\" width=\"300\" height=\"156\" srcset=\"https:\/\/soco-store-lyon.com\/wp-content\/uploads\/2020\/01\/IMG-GARIBALDI-300x156.jpg 300w, https:\/\/soco-store-lyon.com\/wp-content\/uploads\/2020\/01\/IMG-GARIBALDI-1024x532.jpg 1024w, https:\/\/soco-store-lyon.com\/wp-content\/uploads\/2020\/01\/IMG-GARIBALDI-768x399.jpg 768w, https:\/\/soco-store-lyon.com\/wp-content\/uploads\/2020\/01\/IMG-GARIBALDI-1536x798.jpg 1536w, https:\/\/soco-store-lyon.com\/wp-content\/uploads\/2020\/01\/IMG-GARIBALDI-2048x1065.jpg 2048w, https:\/\/soco-store-lyon.com\/wp-content\/uploads\/2020\/01\/IMG-GARIBALDI-830x431.jpg 830w, https:\/\/soco-store-lyon.com\/wp-content\/uploads\/2020\/01\/IMG-GARIBALDI-230x120.jpg 230w, https:\/\/soco-store-lyon.com\/wp-content\/uploads\/2020\/01\/IMG-GARIBALDI-350x182.jpg 350w, https:\/\/soco-store-lyon.com\/wp-content\/uploads\/2020\/01\/IMG-GARIBALDI-480x250.jpg 480w\" sizes=\"(max-width: 300px) 100vw, 300px\" \/><\/p>\n<p><img loading=\"lazy\" class=\"alignnone size-medium wp-image-371\" src=\"http:\/\/soco-store-lyon.com\/wp-content\/uploads\/2020\/01\/IMG_20200102_124449.vr_-300x112.jpg\" alt=\"\" width=\"300\" height=\"112\" srcset=\"https:\/\/soco-store-lyon.com\/wp-content\/uploads\/2020\/01\/IMG_20200102_124449.vr_-300x112.jpg 300w, https:\/\/soco-store-lyon.com\/wp-content\/uploads\/2020\/01\/IMG_20200102_124449.vr_-768x288.jpg 768w, https:\/\/soco-store-lyon.com\/wp-content\/uploads\/2020\/01\/IMG_20200102_124449.vr_-1024x384.jpg 1024w, https:\/\/soco-store-lyon.com\/wp-content\/uploads\/2020\/01\/IMG_20200102_124449.vr_-830x311.jpg 830w, https:\/\/soco-store-lyon.com\/wp-content\/uploads\/2020\/01\/IMG_20200102_124449.vr_-230x86.jpg 230w, https:\/\/soco-store-lyon.com\/wp-content\/uploads\/2020\/01\/IMG_20200102_124449.vr_-350x131.jpg 350w, https:\/\/soco-store-lyon.com\/wp-content\/uploads\/2020\/01\/IMG_20200102_124449.vr_-480x180.jpg 480w\" sizes=\"(max-width: 300px) 100vw, 300px\" \/><\/p>\n<p>La mobilit\u00e9 \u00e9lectrique sur Lyon<\/p>\n<p>Sp\u00e9cialiste dans la motorisation \u00e9lectrique , vous pouvez nous retrouver aussi sur<\/p>\n<p><a href=\"http:\/\/www.greenmoow.com\">http:\/\/www.greenmoow.com<\/a><\/p>\n","protected":false},"excerpt":{"rendered":"<p>Le showroom Super Soco de la Sarl GreenMooW La mobilit\u00e9 \u00e9lectrique sur Lyon Sp\u00e9cialiste dans la motorisation \u00e9lectrique , vous pouvez nous [&hellip;]<\/p>\n","protected":false},"author":1,"featured_media":0,"parent":0,"menu_order":0,"comment_status":"closed","ping_status":"closed","template":"","meta":[],"_links":{"self":[{"href":"https:\/\/soco-store-lyon.com\/index.php\/wp-json\/wp\/v2\/pages\/8"}],"collection":[{"href":"https:\/\/soco-store-lyon.com\/index.php\/wp-json\/wp\/v2\/pages"}],"about":[{"href":"https:\/\/soco-store-lyon.com\/index.php\/wp-json\/wp\/v2\/types\/page"}],"author":[{"embeddable":true,"href":"https:\/\/soco-store-lyon.com\/index.php\/wp-json\/wp\/v2\/users\/1"}],"replies":[{"embeddable":true,"href":"https:\/\/soco-store-lyon.com\/index.php\/wp-json\/wp\/v2\/comments?post=8"}],"version-history":[{"count":10,"href":"https:\/\/soco-store-lyon.com\/index.php\/wp-json\/wp\/v2\/pages\/8\/revisions"}],"predecessor-version":[{"id":410,"href":"https:\/\/soco-store-lyon.com\/index.php\/wp-json\/wp\/v2\/pages\/8\/revisions\/410"}],"wp:attachment":[{"href":"https:\/\/soco-store-lyon.com\/index.php\/wp-json\/wp\/v2\/media?parent=8"}],"curies":[{"name":"wp","href":"https:\/\/api.w.org\/{rel}","templated":true}]}}