{"id":672,"date":"2021-12-10T18:59:32","date_gmt":"2021-12-10T17:59:32","guid":{"rendered":"http:\/\/soco-store-lyon.com\/?page_id=672"},"modified":"2022-06-04T13:12:54","modified_gmt":"2022-06-04T11:12:54","slug":"super-soco-cu-mini","status":"publish","type":"page","link":"https:\/\/soco-store-lyon.com\/index.php\/super-soco-cu-mini\/","title":{"rendered":"SUPER SOCO Cu Mini"},"content":{"rendered":"\n<p><strong>1000\u20ac TTC<\/strong><\/p>\n\n\n\n<figure class=\"wp-block-image size-large\"><img loading=\"lazy\" width=\"800\" height=\"550\" src=\"http:\/\/soco-store-lyon.com\/wp-content\/uploads\/2021\/12\/CU-Mini-Red-800x550-1.png\" alt=\"\" class=\"wp-image-673\" srcset=\"https:\/\/soco-store-lyon.com\/wp-content\/uploads\/2021\/12\/CU-Mini-Red-800x550-1.png 800w, https:\/\/soco-store-lyon.com\/wp-content\/uploads\/2021\/12\/CU-Mini-Red-800x550-1-300x206.png 300w, https:\/\/soco-store-lyon.com\/wp-content\/uploads\/2021\/12\/CU-Mini-Red-800x550-1-768x528.png 768w, https:\/\/soco-store-lyon.com\/wp-content\/uploads\/2021\/12\/CU-Mini-Red-800x550-1-230x158.png 230w, https:\/\/soco-store-lyon.com\/wp-content\/uploads\/2021\/12\/CU-Mini-Red-800x550-1-350x241.png 350w, https:\/\/soco-store-lyon.com\/wp-content\/uploads\/2021\/12\/CU-Mini-Red-800x550-1-480x330.png 480w\" sizes=\"(max-width: 800px) 100vw, 800px\" \/><\/figure>\n\n\n\n<h1>CU Mini, le petit Super SOCO<\/h1>\n\n\n\n<p>Le CU Mini poss\u00e8de un gabarit ultra-compact et un poids tr\u00e8s l\u00e9ger ce qui le rend tr\u00e8s pratique et maniable si vous souhaitez vous d\u00e9placer en milieu urbain.<\/p>\n\n\n\n<p>En d\u00e9pit de son gabarit ultra compact, ce scooter est agr\u00e9able \u00e0 la conduite et sa batterie mobile, ultra l\u00e9g\u00e8re mais puissante vous permettra de vous promener quotidiennement sans difficult\u00e9 dans les rues urbaines mais \u00e9galement de la recharger \u00e0 partir de n&rsquo;importe quelle prise de courant domestique.<\/p>\n\n\n\n<h2>40 km<\/h2>\n\n\n\n<p>autonomie<\/p>\n\n\n\n<h2>45 km\/h<\/h2>\n\n\n\n<p>vitesse<\/p>\n\n\n\n<h2>600 watts<\/h2>\n\n\n\n<p>puissance<\/p>\n\n\n\n<h2>50 kg<\/h2>\n\n\n\n<p>poids sans batterie<\/p>\n","protected":false},"excerpt":{"rendered":"<p>1000\u20ac TTC CU Mini, le petit Super SOCO Le CU Mini poss\u00e8de un gabarit ultra-compact et un poids tr\u00e8s l\u00e9ger ce qui [&hellip;]<\/p>\n","protected":false},"author":1,"featured_media":0,"parent":0,"menu_order":0,"comment_status":"closed","ping_status":"closed","template":"","meta":[],"_links":{"self":[{"href":"https:\/\/soco-store-lyon.com\/index.php\/wp-json\/wp\/v2\/pages\/672"}],"collection":[{"href":"https:\/\/soco-store-lyon.com\/index.php\/wp-json\/wp\/v2\/pages"}],"about":[{"href":"https:\/\/soco-store-lyon.com\/index.php\/wp-json\/wp\/v2\/types\/page"}],"author":[{"embeddable":true,"href":"https:\/\/soco-store-lyon.com\/index.php\/wp-json\/wp\/v2\/users\/1"}],"replies":[{"embeddable":true,"href":"https:\/\/soco-store-lyon.com\/index.php\/wp-json\/wp\/v2\/comments?post=672"}],"version-history":[{"count":2,"href":"https:\/\/soco-store-lyon.com\/index.php\/wp-json\/wp\/v2\/pages\/672\/revisions"}],"predecessor-version":[{"id":751,"href":"https:\/\/soco-store-lyon.com\/index.php\/wp-json\/wp\/v2\/pages\/672\/revisions\/751"}],"wp:attachment":[{"href":"https:\/\/soco-store-lyon.com\/index.php\/wp-json\/wp\/v2\/media?parent=672"}],"curies":[{"name":"wp","href":"https:\/\/api.w.org\/{rel}","templated":true}]}}