{"id":228,"date":"2019-01-24T16:58:41","date_gmt":"2019-01-24T15:58:41","guid":{"rendered":"http:\/\/soco-store-lyon.com\/?page_id=228"},"modified":"2023-02-20T12:21:39","modified_gmt":"2023-02-20T11:21:39","slug":"super-soco-tc","status":"publish","type":"page","link":"https:\/\/soco-store-lyon.com\/index.php\/super-soco-tc\/","title":{"rendered":"Super Soco TC"},"content":{"rendered":"<section id=\"accueil\">\n<div class=\"right\">\n<div class=\"gdcontainer\">\n<h2>SUPER SOCO TC<\/h2>\n<h2><img loading=\"lazy\" class=\"alignnone size-medium wp-image-62\" src=\"http:\/\/soco-store-lyon.com\/wp-content\/uploads\/2018\/05\/TC-\u6b63\u53f3\u4fa7-\u9ed1\u8272-300x200.jpg\" alt=\"\" width=\"300\" height=\"200\" \/><\/h2>\n<h3>Look vintage et technologie d&rsquo;aujourd\u2019hui.<\/h3>\n<p>La super SOCO TC, avec ces lignes \u00e9pur\u00e9es et \u00e9l\u00e9gantes alli\u00e9es \u00e0 une conception technique et technologique de pointe, est une moto \u00e9lectrique au look vintage et aux performances sans \u00e9quivalent. La mobilit\u00e9 \u00e9lectrique n\u2019a jamais \u00e9t\u00e9 aussi moderne, inspirante et mature. Les mod\u00e8les SOCO TC sont le r\u00e9sultat d\u2019ann\u00e9es de recherches et de technologie de pointe. Pour la premi\u00e8re fois, une \u00e9quipe internationale d\u2019experts, en coop\u00e9ration avec BOSCH, a cr\u00e9\u00e9 un e-moped qui r\u00e9pond \u00e0 toutes les exigences du monde d\u2019aujourd\u2019hui. Avec une autonomie allant jusqu\u2019\u00e0 160 km, avec l&rsquo;achat d&rsquo;une deuxieme batterie, il s\u2019agit d\u2019une moto \u00e9lectrique urbaine de tous les jours pour les jeunes et les moins jeunes. Le super soco TC est disponible dans une gamme de 3 coloris diff\u00e9rents \u00e0 choisir et pourra \u00eatre personnalis\u00e9 encore plus gr\u00e2ce \u00e0 de nombreuses options.<\/p>\n<\/div>\n<\/div>\n<\/section>\n<section id=\"technique\">\n<div class=\"wrapcarac\">\n<div class=\"gdcontainer\">\n<h2>CARACT\u00c9RISTIQUE TECHNIQUES<\/h2>\n<\/div>\n<div class=\"tarif\">\n<div class=\"spec\">\n<div class=\"containspec\">\n<div class=\"containspecenter\">\n<div class=\"spec1\">\n<p>Prix :<\/p>\n<\/div>\n<div class=\"spec2\">\n<h2>3190 \u20ac TTC<\/h2>\n<\/div>\n<\/div>\n<\/div>\n<\/div>\n<\/div>\n<div class=\"deux\">\n<div class=\"spec\">\n<div class=\"containspec\">\n<div class=\"containspecenter\">\n<div class=\"spec1\">\n<p>Autonomie :<\/p>\n<\/div>\n<div class=\"spec2\">\n<p>50 \u00e0 80 km (100 \u00e0 160 km avec 2 batteries)<\/p>\n<\/div>\n<\/div>\n<\/div>\n<div class=\"containspec\">\n<div class=\"containspecenter\">\n<div class=\"spec1\">\n<p>Batterie amovible :<\/p>\n<\/div>\n<div class=\"spec2\">\n<p>Lithium-ion Panasonic 18650<\/p>\n<\/div>\n<\/div>\n<\/div>\n<div class=\"containspec\">\n<div class=\"containspecenter\">\n<div class=\"spec1\">\n<p>Caract\u00e9ristique :<\/p>\n<\/div>\n<div class=\"spec2\">\n<p>BMS LG 60 V \/ 30 Ah<\/p>\n<\/div>\n<\/div>\n<\/div>\n<div class=\"containspec\">\n<div class=\"containspecenter\">\n<div class=\"spec1\">\n<p>Temps de charge :<\/p>\n<\/div>\n<div class=\"spec2\">\n<p>5\/6 Heures<\/p>\n<\/div>\n<\/div>\n<\/div>\n<div class=\"containspec\">\n<div class=\"containspecenter\">\n<div class=\"spec1\">\n<p>Type de moteur :<\/p>\n<\/div>\n<div class=\"spec2\">\n<p>Hub Brushless BOSCH<\/p>\n<\/div>\n<\/div>\n<\/div>\n<div class=\"containspec\">\n<div class=\"containspecenter\">\n<div class=\"spec1\">\n<p>Puissance maximum :<\/p>\n<\/div>\n<div class=\"spec2\">\n<p>2900 Watt<\/p>\n<\/div>\n<\/div>\n<\/div>\n<div class=\"containspec\">\n<div class=\"containspecenter\">\n<div class=\"spec1\">\n<p>Couple maximum :<\/p>\n<\/div>\n<div class=\"spec2\">\n<p>150 Nm<\/p>\n<\/div>\n<\/div>\n<\/div>\n<\/div>\n<\/div>\n<div class=\"deux\">\n<div class=\"spec\">\n<div class=\"containspec\">\n<div class=\"containspecenter\">\n<div class=\"spec1\">\n<p>Vitesse :<\/p>\n<\/div>\n<div class=\"spec2\">\n<p>45km\/h (70km\/h en version circuit ferm\u00e9)<\/p>\n<\/div>\n<\/div>\n<\/div>\n<div class=\"containspec\">\n<div class=\"containspecenter\">\n<div class=\"spec1\">\n<p>Cycles :<\/p>\n<\/div>\n<div class=\"spec2\">\n<p>700 (environ 60 000 km)<\/p>\n<\/div>\n<\/div>\n<\/div>\n<div class=\"containspec\">\n<div class=\"containspecenter\">\n<div class=\"spec1\">\n<p>Hauteur de selle :<\/p>\n<\/div>\n<div class=\"spec2\">\n<p>770 mm<\/p>\n<\/div>\n<\/div>\n<\/div>\n<div class=\"containspec\">\n<div class=\"containspecenter\">\n<div class=\"spec1\">\n<p>Poids :<\/p>\n<\/div>\n<div class=\"spec2\">\n<p>70 kg<\/p>\n<\/div>\n<\/div>\n<\/div>\n<div class=\"containspec\">\n<div class=\"containspecenter\">\n<div class=\"spec1\">\n<p>Co\u00fbt de revient :<\/p>\n<\/div>\n<div class=\"spec2\">\n<p>25 cts \/ 100 km<\/p>\n<\/div>\n<\/div>\n<\/div>\n<div class=\"containspec\">\n<div class=\"containspecenter\">\n<div class=\"spec1\">\n<p>Garantie :<\/p>\n<\/div>\n<div class=\"spec2\">\n<p>24 mois<\/p>\n<\/div>\n<\/div>\n<\/div>\n<div class=\"containspec\">\n<div class=\"containspecenter\">\n<div class=\"spec1\">\n<p>Coloris :<\/p>\n<\/div>\n<div class=\"spec2\">\n<p>Noir \/ Vert Olive \/ Cr\u00e8me<\/p>\n<\/div>\n<\/div>\n<\/div>\n<\/div>\n<\/div>\n<\/div>\n<\/section>\n","protected":false},"excerpt":{"rendered":"<p>SUPER SOCO TC Look vintage et technologie d&rsquo;aujourd\u2019hui. La super SOCO TC, avec ces lignes \u00e9pur\u00e9es et \u00e9l\u00e9gantes alli\u00e9es \u00e0 une conception [&hellip;]<\/p>\n","protected":false},"author":1,"featured_media":0,"parent":0,"menu_order":0,"comment_status":"closed","ping_status":"closed","template":"","meta":[],"_links":{"self":[{"href":"https:\/\/soco-store-lyon.com\/index.php\/wp-json\/wp\/v2\/pages\/228"}],"collection":[{"href":"https:\/\/soco-store-lyon.com\/index.php\/wp-json\/wp\/v2\/pages"}],"about":[{"href":"https:\/\/soco-store-lyon.com\/index.php\/wp-json\/wp\/v2\/types\/page"}],"author":[{"embeddable":true,"href":"https:\/\/soco-store-lyon.com\/index.php\/wp-json\/wp\/v2\/users\/1"}],"replies":[{"embeddable":true,"href":"https:\/\/soco-store-lyon.com\/index.php\/wp-json\/wp\/v2\/comments?post=228"}],"version-history":[{"count":2,"href":"https:\/\/soco-store-lyon.com\/index.php\/wp-json\/wp\/v2\/pages\/228\/revisions"}],"predecessor-version":[{"id":831,"href":"https:\/\/soco-store-lyon.com\/index.php\/wp-json\/wp\/v2\/pages\/228\/revisions\/831"}],"wp:attachment":[{"href":"https:\/\/soco-store-lyon.com\/index.php\/wp-json\/wp\/v2\/media?parent=228"}],"curies":[{"name":"wp","href":"https:\/\/api.w.org\/{rel}","templated":true}]}}