{"id":183,"date":"2018-11-30T19:17:39","date_gmt":"2018-11-30T18:17:39","guid":{"rendered":"http:\/\/soco-store-lyon.com\/?page_id=183"},"modified":"2018-11-30T20:07:31","modified_gmt":"2018-11-30T19:07:31","slug":"apres-vente","status":"publish","type":"page","link":"https:\/\/soco-store-lyon.com\/index.php\/apres-vente\/","title":{"rendered":"Apr\u00e8s-vente"},"content":{"rendered":"<div class=\"editorialPageIntro\">\n<div class=\"module pageIntro \">\n<div class=\"wrapper\">\n<div class=\"wrapperInner clearfix\">\n<div class=\"gs deskTwoQuarters tabTwoThirds pageIntroContent\">\n<h1>ENTRETIEN DE VOTRE SUPER SOCO<\/h1>\n<div class=\"pageIntroLead\">\n<p>Correctement entretenue, votre Super Soco vous assure des ann\u00e9es de conduite sans aucun probl\u00e8me. Un bon entretien est absolument essentiel pour la s\u00e9curit\u00e9 et des performances optimales. L&rsquo;entretien p\u00e9riodique doit \u00eatre effectu\u00e9 conform\u00e9ment aux normes appropri\u00e9es par des techniciens sp\u00e9cialement form\u00e9s et par le constructeur .<\/p>\n<\/div>\n<\/div>\n<p><em><strong>Nous pouvons r\u00e9cup\u00e9rer votre moto ou faire l&rsquo;entretien chez vous ( domicile ou travail ) . Un forfait d\u00e9placement vous sera alors factur\u00e9 suivant la distance .<\/strong><\/em><\/p>\n<div class=\"gs deskTwoQuarters tabTwoThirds pageIntroContent\">\n<h1>QUALIT\u00c9 DU SERVICE<\/h1>\n<h3>Maintenance des motocycles<\/h3>\n<\/div>\n<\/div>\n<\/div>\n<\/div>\n<\/div>\n<div class=\"par1 parsys\">\n<div class=\"textColumnWithImageMod section\">\n<div class=\"module imageWithContentCropped largeLeft\">\n<div class=\"wrapper\">\n<div class=\"wrapperInner\">\n<div class=\"clearfix imageWithContentCroppedWrapper\">\n<div class=\"imageWithContentCroppedContent\">\n<div class=\"textMod text parbase section\">\n<div class=\"richTextType rttCopy\">\n<p>Nous r\u00e9alisons les entretiens pr\u00e9conis\u00e9s par Super Soco d\u2019apr\u00e8s le programme d\u2019entretien sp\u00e9cifique \u00e0 chaque mod\u00e8le . Le programme d\u2019entretien de r\u00e9f\u00e9rence figure dans le manuel du conducteur de chaque mod\u00e8le.<\/p>\n<\/div>\n<\/div>\n<div class=\"richTextHeaderMod section\">\n<div class=\"richTextType rttHeaders\">\n<h3>Relation Client\u00e8le<\/h3>\n<\/div>\n<\/div>\n<div class=\"textMod text parbase section\">\n<div class=\"richTextType rttCopy\">\n<p>Vous avez la possibilit\u00e9 de prendre contact nous , directement par mail ou par t\u00e9l\u00e9phone. Nos collaborateurs vous r\u00e9serveront leur meilleur accueil et s\u2019efforceront de r\u00e9pondre \u00e0 vos demandes le plus rapidement possible.<\/p>\n<p>&nbsp;<\/p>\n<div class=\"header editorialPageIntro\">\n<div class=\"module pageIntro \">\n<div class=\"wrapper\">\n<div class=\"wrapperInner clearfix\">\n<div class=\"gs deskTwoQuarters tabTwoThirds pageIntroContent\">\n<h1>RAPPELS ET MISES \u00c0 JOUR DE PRODUITS<\/h1>\n<div class=\"pageIntroLead\">\n<p>Nous nous assurons que vous disposiez des toutes derni\u00e8res informations sur votre Super Soco.<\/p>\n<\/div>\n<\/div>\n<div class=\"backLinkMod\"><\/div>\n<\/div>\n<\/div>\n<\/div>\n<\/div>\n<div class=\"service updateAndRecall\">\n<form class=\"formBuilder\" action=\"https:\/\/moto.honda.fr\/motorcycles\/owners\/apres-vente\/campagnes-de-rappel\/_jcr_content\/service.submit.html\" method=\"POST\" data-auto-init=\"false\">\n<div class=\"module info\">\n<div class=\"wrapper\">\n<div class=\"wrapperInner\">\n<h4>Dans le cadre d\u2019un suivi constant de ses produits,Super Soco peut \u00eatre amen\u00e9 \u00e0 d\u00e9cider d\u2019une action de rappel volontaire sur une s\u00e9rie de v\u00e9hicules si un probl\u00e8me pouvant affecter la s\u00e9curit\u00e9 d\u2019utilisation est d\u00e9tect\u00e9. De m\u00eame, Super Soco peut proposer une mise \u00e0 jour de ses produits afin d\u2019en am\u00e9liorer la qualit\u00e9 sur le long terme.<\/h4>\n<p>Vous recommandons vivement d\u2019effectuer les op\u00e9rations n\u00e9cessaires d\u00e8s notification.<\/p>\n<h3>Qu\u2019est-ce qu\u2019une mise \u00e0 jour de produit ?<\/h3>\n<p>Les mises \u00e0 jour de produit ne concernent pas la s\u00e9curit\u00e9. Suivant les \u00e9volutions technologiques, il se peut qu\u2019un constructeur d\u00e9veloppe de nouveaux composants ou processus qui permettent d\u2019am\u00e9liorer la qualit\u00e9 globale d\u2019un v\u00e9hicule.<\/p>\n<h3>Qu&rsquo;est-ce qu&rsquo;un rappel ?<\/h3>\n<p>Un rappel est annonc\u00e9 lorsqu\u2019un constructeur exprime une inqui\u00e9tude quant \u00e0 un d\u00e9faut potentiel li\u00e9 \u00e0 la s\u00e9curit\u00e9. Cela peut mettre en cause une fonctionnalit\u00e9, la conception ou la fabrication du v\u00e9hicule, et le probl\u00e8me est susceptible d\u2019engendrer un risque de blessure grave pour le conducteur ou les passagers d\u2019un v\u00e9hicule, ou les autres usagers de la route.<\/p>\n<p>&nbsp;<\/p>\n<div class=\"editorialPageIntro\">\n<div class=\"module pageIntro \">\n<div class=\"wrapper\">\n<div class=\"wrapperInner clearfix\">\n<div class=\"gs deskTwoQuarters tabTwoThirds pageIntroContent\">\n<h1>LES PI\u00c8CES DETACH\u00c9ES D\u2019ORIGINE<\/h1>\n<\/div>\n<div class=\"backLinkMod\"><\/div>\n<\/div>\n<\/div>\n<\/div>\n<\/div>\n<div class=\"par1 parsys\">\n<div class=\"textColumnWithImageMod section\">\n<div class=\"module imageWithContentCropped smallLeft\">\n<div class=\"wrapper\">\n<div class=\"wrapperInner\">\n<div class=\"clearfix imageWithContentCroppedWrapper\">\n<div class=\"imageWithContentCroppedContent\">\n<h2>UN GAGE DE QUALIT\u00c9<\/h2>\n<div class=\"textMod text parbase section\">\n<div class=\"richTextType rttCopy\">\n<p>Les pi\u00e8ces d\u00e9tach\u00e9es d\u2019origine Super Soco sont d\u00e9velopp\u00e9es sp\u00e9cifiquement pour chaque mod\u00e8le selon un cahier des charges tr\u00e8s strict. Elles sont soumises \u00e0 de nombreux tests de fiabilit\u00e9 et pr\u00e9servent ainsi les performances de votre v\u00e9hicule.<\/p>\n<p>Install\u00e9es par des techniciens form\u00e9s aux sp\u00e9cificit\u00e9s de la marque,\u00a0<b>elles sont garanties 12 mois.<\/b><\/p>\n<p>Pour rouler en toute s\u00e9r\u00e9nit\u00e9, exigez des pi\u00e8ces d\u00e9tach\u00e9es d\u2019origine Super Soco.<\/p>\n<\/div>\n<div class=\"pageIntroLead\">\n<p>&nbsp;<\/p>\n<\/div>\n<\/div>\n<\/div>\n<\/div>\n<\/div>\n<\/div>\n<\/div>\n<\/div>\n<\/div>\n<\/div>\n<\/div>\n<\/div>\n<\/form>\n<\/div>\n<\/div>\n<\/div>\n<\/div>\n<\/div>\n<\/div>\n<\/div>\n<\/div>\n<\/div>\n<\/div>\n","protected":false},"excerpt":{"rendered":"<p>ENTRETIEN DE VOTRE SUPER SOCO Correctement entretenue, votre Super Soco vous assure des ann\u00e9es de conduite sans aucun probl\u00e8me. Un bon entretien [&hellip;]<\/p>\n","protected":false},"author":1,"featured_media":0,"parent":0,"menu_order":0,"comment_status":"closed","ping_status":"closed","template":"","meta":[],"_links":{"self":[{"href":"https:\/\/soco-store-lyon.com\/index.php\/wp-json\/wp\/v2\/pages\/183"}],"collection":[{"href":"https:\/\/soco-store-lyon.com\/index.php\/wp-json\/wp\/v2\/pages"}],"about":[{"href":"https:\/\/soco-store-lyon.com\/index.php\/wp-json\/wp\/v2\/types\/page"}],"author":[{"embeddable":true,"href":"https:\/\/soco-store-lyon.com\/index.php\/wp-json\/wp\/v2\/users\/1"}],"replies":[{"embeddable":true,"href":"https:\/\/soco-store-lyon.com\/index.php\/wp-json\/wp\/v2\/comments?post=183"}],"version-history":[{"count":5,"href":"https:\/\/soco-store-lyon.com\/index.php\/wp-json\/wp\/v2\/pages\/183\/revisions"}],"predecessor-version":[{"id":192,"href":"https:\/\/soco-store-lyon.com\/index.php\/wp-json\/wp\/v2\/pages\/183\/revisions\/192"}],"wp:attachment":[{"href":"https:\/\/soco-store-lyon.com\/index.php\/wp-json\/wp\/v2\/media?parent=183"}],"curies":[{"name":"wp","href":"https:\/\/api.w.org\/{rel}","templated":true}]}}