{"id":177,"date":"2018-11-30T18:35:16","date_gmt":"2018-11-30T17:35:16","guid":{"rendered":"http:\/\/soco-store-lyon.com\/?page_id=177"},"modified":"2018-11-30T20:01:02","modified_gmt":"2018-11-30T19:01:02","slug":"service-carte-grise","status":"publish","type":"page","link":"https:\/\/soco-store-lyon.com\/index.php\/service-carte-grise\/","title":{"rendered":"Service Carte Grise"},"content":{"rendered":"<p>Depuis le 1 novembre 2018 , nous sommes habilit\u00e9s et agr\u00e9\u00e9s par la pr\u00e9fecture du Rh\u00f4ne pour faire toutes les types de carte grise<\/p>\n<div class=\"price_holder\">\n<p class=\"price\">30 \u20ac\u00a0 \u00a0plus co\u00fbt\u00a0 carte grise<\/p>\n<\/div>\n<p><img loading=\"lazy\" class=\"alignnone size-medium wp-image-179\" src=\"http:\/\/soco-store-lyon.com\/wp-content\/uploads\/2018\/11\/CARTE-GRISE-web--300x188.jpg\" alt=\"\" width=\"300\" height=\"188\" srcset=\"https:\/\/soco-store-lyon.com\/wp-content\/uploads\/2018\/11\/CARTE-GRISE-web--300x188.jpg 300w, https:\/\/soco-store-lyon.com\/wp-content\/uploads\/2018\/11\/CARTE-GRISE-web--768x480.jpg 768w, https:\/\/soco-store-lyon.com\/wp-content\/uploads\/2018\/11\/CARTE-GRISE-web--1024x640.jpg 1024w, https:\/\/soco-store-lyon.com\/wp-content\/uploads\/2018\/11\/CARTE-GRISE-web--830x519.jpg 830w, https:\/\/soco-store-lyon.com\/wp-content\/uploads\/2018\/11\/CARTE-GRISE-web--230x144.jpg 230w, https:\/\/soco-store-lyon.com\/wp-content\/uploads\/2018\/11\/CARTE-GRISE-web--350x219.jpg 350w, https:\/\/soco-store-lyon.com\/wp-content\/uploads\/2018\/11\/CARTE-GRISE-web--480x300.jpg 480w, https:\/\/soco-store-lyon.com\/wp-content\/uploads\/2018\/11\/CARTE-GRISE-web-.jpg 1280w\" sizes=\"(max-width: 300px) 100vw, 300px\" \/><\/p>\n<div class=\"detail_desc\">\n<h4 class=\"ttre\">CARTE GRISE<\/h4>\n<p class=\"bold\">Votre carte grise sans rendez-vous ! ( tel 06 16 72 74 94 pour confirmation de pr\u00e9sence\u00a0 )<\/p>\n<div class=\"rich-text-embed\">\n<p>Plus besoin de vous d\u00e9placer en pr\u00e9fecture. Nous effectuons les d\u00e9marches n\u00e9cessaires pour votre nouvelle carte grise !<\/p>\n<p>Vous repartez avec votre certificat provisoire d\u2019immatriculation<\/p>\n<p>&nbsp;<\/p>\n<p><u><strong>Liste des documents \u00e0 fournir<\/strong><\/u><\/p>\n<ul>\n<li>Demande d\u2019immatriculation<\/li>\n<li>Carte grise dat\u00e9e, sign\u00e9e et barr\u00e9e<\/li>\n<li>Certificat de cession de v\u00e9hicule<\/li>\n<li>Contr\u00f4le technique de \u2013 6 mois<\/li>\n<li>D\u00e9claration d\u2019achat (si achat \u00e0 pro)<\/li>\n<li>Justificatif de domicile \u2013 3 mois<\/li>\n<li>mandat<\/li>\n<li>un permis de conduire<\/li>\n<li>attestation assurance\u00a0 avec le mandat sign\u00e9<\/li>\n<\/ul>\n<p>30 \u20ac TTC Frais de dossier\u00a0\u00a0(<em>Uniquement en CB\u00a0 )<\/em><\/p>\n<h4><u><strong>Documents \u00e0 remplir\u00a0\u00a0:\u00a0<\/strong><\/u><\/h4>\n<\/div>\n<p>( fourniture possible sur place des Cerfa)<\/p>\n<div class=\"rich-text-embed\">\n<ul>\n<li>D\u00e9claration de cession\u00a0de\u00a0 v\u00e9hicule\u00a0 \u00a0 \u00a0 \u00a0 \u00a0 \u00a0 \u00a0 \u00a0 \u00a0 \u00a0 \u00a0 \u00a0 \u00a0 \u00a0 \u00a0 \u00a0 \u00a0 \u00a0 \u00a0 \u00a0 \u00a0 \u00a0 \u00a0 cerfa 13754*02<\/li>\n<li>Demande d\u2019immatriculation d\u2019un v\u00e9hicule\u00a0 \u00a0 \u00a0 \u00a0 \u00a0 \u00a0 \u00a0 \u00a0 \u00a0 \u00a0 \u00a0 \u00a0 \u00a0 \u00a0 \u00a0 \u00a0 \u00a0cerfa 13750*05<\/li>\n<li>Mandat\u00a0 \u00a0 \u00a0 \u00a0 \u00a0 \u00a0 \u00a0 \u00a0 \u00a0 \u00a0 \u00a0 \u00a0 \u00a0 \u00a0 \u00a0 \u00a0 \u00a0 \u00a0 \u00a0 \u00a0 \u00a0 \u00a0 \u00a0 \u00a0 \u00a0 \u00a0 \u00a0 \u00a0 \u00a0 \u00a0 \u00a0 \u00a0 \u00a0 \u00a0 \u00a0 \u00a0 \u00a0 \u00a0 \u00a0 \u00a0 \u00a0 \u00a0 \u00a0 \u00a0 \u00a0 \u00a0 \u00a0 \u00a0cerfa\u00a0 \u00a013757*02<\/li>\n<\/ul>\n<\/div>\n<\/div>\n","protected":false},"excerpt":{"rendered":"<p>Depuis le 1 novembre 2018 , nous sommes habilit\u00e9s et agr\u00e9\u00e9s par la pr\u00e9fecture du Rh\u00f4ne pour faire toutes les types de [&hellip;]<\/p>\n","protected":false},"author":1,"featured_media":0,"parent":0,"menu_order":0,"comment_status":"closed","ping_status":"closed","template":"","meta":[],"_links":{"self":[{"href":"https:\/\/soco-store-lyon.com\/index.php\/wp-json\/wp\/v2\/pages\/177"}],"collection":[{"href":"https:\/\/soco-store-lyon.com\/index.php\/wp-json\/wp\/v2\/pages"}],"about":[{"href":"https:\/\/soco-store-lyon.com\/index.php\/wp-json\/wp\/v2\/types\/page"}],"author":[{"embeddable":true,"href":"https:\/\/soco-store-lyon.com\/index.php\/wp-json\/wp\/v2\/users\/1"}],"replies":[{"embeddable":true,"href":"https:\/\/soco-store-lyon.com\/index.php\/wp-json\/wp\/v2\/comments?post=177"}],"version-history":[{"count":2,"href":"https:\/\/soco-store-lyon.com\/index.php\/wp-json\/wp\/v2\/pages\/177\/revisions"}],"predecessor-version":[{"id":191,"href":"https:\/\/soco-store-lyon.com\/index.php\/wp-json\/wp\/v2\/pages\/177\/revisions\/191"}],"wp:attachment":[{"href":"https:\/\/soco-store-lyon.com\/index.php\/wp-json\/wp\/v2\/media?parent=177"}],"curies":[{"name":"wp","href":"https:\/\/api.w.org\/{rel}","templated":true}]}}