{"id":148,"date":"2018-11-23T17:14:35","date_gmt":"2018-11-23T16:14:35","guid":{"rendered":"http:\/\/soco-store-lyon.com\/?page_id=148"},"modified":"2023-02-20T12:22:55","modified_gmt":"2023-02-20T11:22:55","slug":"super-soco-cu-x","status":"publish","type":"page","link":"https:\/\/soco-store-lyon.com\/index.php\/super-soco-cu-x\/","title":{"rendered":"Super Soco Cux"},"content":{"rendered":"<p><img loading=\"lazy\" class=\"alignnone size-medium wp-image-43\" src=\"http:\/\/soco-store-lyon.com\/wp-content\/uploads\/2018\/05\/CU--300x105.jpg\" alt=\"\" width=\"300\" height=\"105\" \/> \u00a0<img loading=\"lazy\" class=\"alignnone size-medium wp-image-150\" src=\"http:\/\/soco-store-lyon.com\/wp-content\/uploads\/2018\/11\/CU_Starlight-Silver_02-300x196.png\" alt=\"\" width=\"300\" height=\"196\" srcset=\"https:\/\/soco-store-lyon.com\/wp-content\/uploads\/2018\/11\/CU_Starlight-Silver_02-300x196.png 300w, https:\/\/soco-store-lyon.com\/wp-content\/uploads\/2018\/11\/CU_Starlight-Silver_02-768x503.png 768w, https:\/\/soco-store-lyon.com\/wp-content\/uploads\/2018\/11\/CU_Starlight-Silver_02-1024x671.png 1024w, https:\/\/soco-store-lyon.com\/wp-content\/uploads\/2018\/11\/CU_Starlight-Silver_02-830x544.png 830w, https:\/\/soco-store-lyon.com\/wp-content\/uploads\/2018\/11\/CU_Starlight-Silver_02-230x151.png 230w, https:\/\/soco-store-lyon.com\/wp-content\/uploads\/2018\/11\/CU_Starlight-Silver_02-350x229.png 350w, https:\/\/soco-store-lyon.com\/wp-content\/uploads\/2018\/11\/CU_Starlight-Silver_02-480x314.png 480w\" sizes=\"(max-width: 300px) 100vw, 300px\" \/> \u00a0<img loading=\"lazy\" class=\"alignnone size-medium wp-image-67\" src=\"http:\/\/soco-store-lyon.com\/wp-content\/uploads\/2018\/05\/SuperSOCO-CU-rouge-300x219.png\" alt=\"\" width=\"300\" height=\"219\" srcset=\"https:\/\/soco-store-lyon.com\/wp-content\/uploads\/2018\/05\/SuperSOCO-CU-rouge-300x219.png 300w, https:\/\/soco-store-lyon.com\/wp-content\/uploads\/2018\/05\/SuperSOCO-CU-rouge-768x561.png 768w, https:\/\/soco-store-lyon.com\/wp-content\/uploads\/2018\/05\/SuperSOCO-CU-rouge-830x606.png 830w, https:\/\/soco-store-lyon.com\/wp-content\/uploads\/2018\/05\/SuperSOCO-CU-rouge-550x400.png 550w, https:\/\/soco-store-lyon.com\/wp-content\/uploads\/2018\/05\/SuperSOCO-CU-rouge-230x168.png 230w, https:\/\/soco-store-lyon.com\/wp-content\/uploads\/2018\/05\/SuperSOCO-CU-rouge-350x256.png 350w, https:\/\/soco-store-lyon.com\/wp-content\/uploads\/2018\/05\/SuperSOCO-CU-rouge-480x350.png 480w, https:\/\/soco-store-lyon.com\/wp-content\/uploads\/2018\/05\/SuperSOCO-CU-rouge.png 1000w\" sizes=\"(max-width: 300px) 100vw, 300px\" \/> <img loading=\"lazy\" class=\"alignnone size-medium wp-image-66\" src=\"http:\/\/soco-store-lyon.com\/wp-content\/uploads\/2018\/05\/SuperSOCO-CU-roir-300x219.png\" alt=\"\" width=\"300\" height=\"219\" srcset=\"https:\/\/soco-store-lyon.com\/wp-content\/uploads\/2018\/05\/SuperSOCO-CU-roir-300x219.png 300w, https:\/\/soco-store-lyon.com\/wp-content\/uploads\/2018\/05\/SuperSOCO-CU-roir-768x561.png 768w, https:\/\/soco-store-lyon.com\/wp-content\/uploads\/2018\/05\/SuperSOCO-CU-roir-830x606.png 830w, https:\/\/soco-store-lyon.com\/wp-content\/uploads\/2018\/05\/SuperSOCO-CU-roir-550x400.png 550w, https:\/\/soco-store-lyon.com\/wp-content\/uploads\/2018\/05\/SuperSOCO-CU-roir-230x168.png 230w, https:\/\/soco-store-lyon.com\/wp-content\/uploads\/2018\/05\/SuperSOCO-CU-roir-350x256.png 350w, https:\/\/soco-store-lyon.com\/wp-content\/uploads\/2018\/05\/SuperSOCO-CU-roir-480x350.png 480w, https:\/\/soco-store-lyon.com\/wp-content\/uploads\/2018\/05\/SuperSOCO-CU-roir.png 1000w\" sizes=\"(max-width: 300px) 100vw, 300px\" \/> <img loading=\"lazy\" class=\"alignnone size-medium wp-image-63\" src=\"http:\/\/soco-store-lyon.com\/wp-content\/uploads\/2018\/05\/SuperSOCO-CU-blancpng-300x219.png\" alt=\"\" width=\"300\" height=\"219\" srcset=\"https:\/\/soco-store-lyon.com\/wp-content\/uploads\/2018\/05\/SuperSOCO-CU-blancpng-300x219.png 300w, https:\/\/soco-store-lyon.com\/wp-content\/uploads\/2018\/05\/SuperSOCO-CU-blancpng-768x561.png 768w, https:\/\/soco-store-lyon.com\/wp-content\/uploads\/2018\/05\/SuperSOCO-CU-blancpng-830x606.png 830w, https:\/\/soco-store-lyon.com\/wp-content\/uploads\/2018\/05\/SuperSOCO-CU-blancpng-550x400.png 550w, https:\/\/soco-store-lyon.com\/wp-content\/uploads\/2018\/05\/SuperSOCO-CU-blancpng-230x168.png 230w, https:\/\/soco-store-lyon.com\/wp-content\/uploads\/2018\/05\/SuperSOCO-CU-blancpng-350x256.png 350w, https:\/\/soco-store-lyon.com\/wp-content\/uploads\/2018\/05\/SuperSOCO-CU-blancpng-480x350.png 480w, https:\/\/soco-store-lyon.com\/wp-content\/uploads\/2018\/05\/SuperSOCO-CU-blancpng.png 1000w\" sizes=\"(max-width: 300px) 100vw, 300px\" \/><img loading=\"lazy\" class=\"alignnone size-medium wp-image-149\" src=\"http:\/\/soco-store-lyon.com\/wp-content\/uploads\/2018\/11\/CU_Ferrari-Red_01-300x196.png\" alt=\"\" width=\"300\" height=\"196\" srcset=\"https:\/\/soco-store-lyon.com\/wp-content\/uploads\/2018\/11\/CU_Ferrari-Red_01-300x196.png 300w, https:\/\/soco-store-lyon.com\/wp-content\/uploads\/2018\/11\/CU_Ferrari-Red_01-768x503.png 768w, https:\/\/soco-store-lyon.com\/wp-content\/uploads\/2018\/11\/CU_Ferrari-Red_01-1024x671.png 1024w, https:\/\/soco-store-lyon.com\/wp-content\/uploads\/2018\/11\/CU_Ferrari-Red_01-830x544.png 830w, https:\/\/soco-store-lyon.com\/wp-content\/uploads\/2018\/11\/CU_Ferrari-Red_01-230x151.png 230w, https:\/\/soco-store-lyon.com\/wp-content\/uploads\/2018\/11\/CU_Ferrari-Red_01-350x229.png 350w, https:\/\/soco-store-lyon.com\/wp-content\/uploads\/2018\/11\/CU_Ferrari-Red_01-480x314.png 480w\" sizes=\"(max-width: 300px) 100vw, 300px\" \/><img loading=\"lazy\" class=\"alignnone size-medium wp-image-151\" src=\"http:\/\/soco-store-lyon.com\/wp-content\/uploads\/2018\/11\/OP-Parts_02-300x196.png\" alt=\"\" width=\"300\" height=\"196\" srcset=\"https:\/\/soco-store-lyon.com\/wp-content\/uploads\/2018\/11\/OP-Parts_02-300x196.png 300w, https:\/\/soco-store-lyon.com\/wp-content\/uploads\/2018\/11\/OP-Parts_02-768x503.png 768w, https:\/\/soco-store-lyon.com\/wp-content\/uploads\/2018\/11\/OP-Parts_02-1024x671.png 1024w, https:\/\/soco-store-lyon.com\/wp-content\/uploads\/2018\/11\/OP-Parts_02-830x544.png 830w, https:\/\/soco-store-lyon.com\/wp-content\/uploads\/2018\/11\/OP-Parts_02-230x151.png 230w, https:\/\/soco-store-lyon.com\/wp-content\/uploads\/2018\/11\/OP-Parts_02-350x229.png 350w, https:\/\/soco-store-lyon.com\/wp-content\/uploads\/2018\/11\/OP-Parts_02-480x314.png 480w\" sizes=\"(max-width: 300px) 100vw, 300px\" \/><\/p>\n<h3>Un scooter \u00e9lectrique aux performances incroyable !!!<\/h3>\n<p>La mobilit\u00e9 \u00e9lectrique n\u2019a jamais \u00e9t\u00e9 aussi moderne, inspirante et mature. Les mod\u00e8les SOCO sont le r\u00e9sultat d\u2019ann\u00e9es de recherches et de technologie de pointe. Pour la premi\u00e8re fois, une \u00e9quipe internationale d\u2019experts, en coop\u00e9ration avec BOSCH, a cr\u00e9\u00e9 un SCOOTER qui r\u00e9pond \u00e0 toutes les exigences du monde d\u2019aujourd\u2019hui. Avec une une autonomie pouvant allez jusqu\u2019\u00e0 80 km, il s\u2019agit d\u2019un SCOOTER \u00e9lectrique de tous les jours . Le super soco CU X est disponible dans une gamme de 4 coloris diff\u00e9rents \u00e0 choisir et pourra \u00eatre personnalis\u00e9 encore plus gr\u00e2ce \u00e0 de nombreuses options et accessoires.<\/p>\n<div class=\"gdcontainer\">\n<h2>CARACT\u00c9RISTIQUE TECHNIQUES<\/h2>\n<\/div>\n<div class=\"wrapcarac\">\n<div class=\"tarif\">\n<div class=\"spec\">\n<div class=\"containspec\">\n<div class=\"containspecenter\">\n<div class=\"spec1\">\n<p>Prix :<\/p>\n<\/div>\n<div class=\"spec2\">\n<h1>3049 \u20ac TTC<\/h1>\n<\/div>\n<\/div>\n<\/div>\n<\/div>\n<\/div>\n<div class=\"deux\">\n<div class=\"spec\">\n<div class=\"containspec\">\n<div class=\"containspecenter\">\n<div class=\"spec1\">\n<p>Autonomie :<\/p>\n<\/div>\n<div class=\"spec2\">\n<p>75 \u00e0 80 km<\/p>\n<\/div>\n<\/div>\n<\/div>\n<div class=\"containspec\">\n<div class=\"containspecenter\">\n<div class=\"spec1\">\n<p>Batterie amovible :<\/p>\n<\/div>\n<div class=\"spec2\">\n<p>Batterie Lithium Panasonic (18650)<\/p>\n<\/div>\n<\/div>\n<\/div>\n<div class=\"containspec\">\n<div class=\"containspecenter\">\n<div class=\"spec1\">\n<p>Caract\u00e9ristique :<\/p>\n<\/div>\n<div class=\"spec2\">\n<p>60V\/32Ah<\/p>\n<\/div>\n<\/div>\n<\/div>\n<div class=\"containspec\">\n<div class=\"containspecenter\">\n<div class=\"spec1\">\n<p>Temps de charge :<\/p>\n<\/div>\n<div class=\"spec2\">\n<p>7\/8 Heures<\/p>\n<\/div>\n<\/div>\n<\/div>\n<div class=\"containspec\">\n<div class=\"containspecenter\">\n<div class=\"spec1\">\n<p>Type de moteur :<\/p>\n<\/div>\n<div class=\"spec2\">\n<p>Hub Brushless BOSCH<\/p>\n<\/div>\n<\/div>\n<\/div>\n<div class=\"containspec\">\n<div class=\"containspecenter\">\n<div class=\"spec1\">\n<p>Puissance maximum :<\/p>\n<\/div>\n<div class=\"spec2\">\n<p>2800 Watt<\/p>\n<\/div>\n<\/div>\n<\/div>\n<\/div>\n<\/div>\n<div class=\"deux\">\n<div class=\"spec\">\n<div class=\"containspec\">\n<div class=\"containspecenter\">\n<div class=\"spec1\">\n<p>Cycles :<\/p>\n<\/div>\n<div class=\"spec2\">\n<p>700 (env. 60 000 km)<\/p>\n<\/div>\n<\/div>\n<\/div>\n<div class=\"containspec\">\n<div class=\"containspecenter\">\n<div class=\"spec1\">\n<p>Hauteur de selle :<\/p>\n<\/div>\n<div class=\"spec2\">\n<p>720 mm<\/p>\n<\/div>\n<\/div>\n<\/div>\n<div class=\"containspec\">\n<div class=\"containspecenter\">\n<div class=\"spec1\">\n<p>Poids :<\/p>\n<\/div>\n<div class=\"spec2\">\n<p>70 kg<\/p>\n<\/div>\n<\/div>\n<\/div>\n<div class=\"containspec\">\n<div class=\"containspecenter\">\n<div class=\"spec1\">\n<p>Co\u00fbt de revient :<\/p>\n<\/div>\n<div class=\"spec2\">\n<p>38 cts \/ 100 km<\/p>\n<\/div>\n<\/div>\n<\/div>\n<div class=\"containspec\">\n<div class=\"containspecenter\">\n<div class=\"spec1\">\n<p>Garantie :<\/p>\n<\/div>\n<div class=\"spec2\">\n<p>24 mois<\/p>\n<\/div>\n<\/div>\n<\/div>\n<div class=\"containspec\">\n<div class=\"containspecenter\">\n<div class=\"spec1\">\n<p>Coloris :<\/p>\n<\/div>\n<div class=\"spec2\">\n<p>Rouge \/ Bronze \/ Gris \/ Blanc<\/p>\n<\/div>\n<\/div>\n<\/div>\n<\/div>\n<\/div>\n<\/div>\n","protected":false},"excerpt":{"rendered":"<p>\u00a0 \u00a0 Un scooter \u00e9lectrique aux performances incroyable !!! La mobilit\u00e9 \u00e9lectrique n\u2019a jamais \u00e9t\u00e9 aussi moderne, inspirante et mature. Les mod\u00e8les [&hellip;]<\/p>\n","protected":false},"author":1,"featured_media":0,"parent":0,"menu_order":0,"comment_status":"closed","ping_status":"closed","template":"","meta":[],"_links":{"self":[{"href":"https:\/\/soco-store-lyon.com\/index.php\/wp-json\/wp\/v2\/pages\/148"}],"collection":[{"href":"https:\/\/soco-store-lyon.com\/index.php\/wp-json\/wp\/v2\/pages"}],"about":[{"href":"https:\/\/soco-store-lyon.com\/index.php\/wp-json\/wp\/v2\/types\/page"}],"author":[{"embeddable":true,"href":"https:\/\/soco-store-lyon.com\/index.php\/wp-json\/wp\/v2\/users\/1"}],"replies":[{"embeddable":true,"href":"https:\/\/soco-store-lyon.com\/index.php\/wp-json\/wp\/v2\/comments?post=148"}],"version-history":[{"count":5,"href":"https:\/\/soco-store-lyon.com\/index.php\/wp-json\/wp\/v2\/pages\/148\/revisions"}],"predecessor-version":[{"id":832,"href":"https:\/\/soco-store-lyon.com\/index.php\/wp-json\/wp\/v2\/pages\/148\/revisions\/832"}],"wp:attachment":[{"href":"https:\/\/soco-store-lyon.com\/index.php\/wp-json\/wp\/v2\/media?parent=148"}],"curies":[{"name":"wp","href":"https:\/\/api.w.org\/{rel}","templated":true}]}}