{"id":108,"date":"2018-11-23T13:01:09","date_gmt":"2018-11-23T12:01:09","guid":{"rendered":"http:\/\/soco-store-lyon.com\/?page_id=108"},"modified":"2024-10-07T12:10:49","modified_gmt":"2024-10-07T10:10:49","slug":"super-soco-tc-max","status":"publish","type":"page","link":"https:\/\/soco-store-lyon.com\/index.php\/super-soco-tc-max\/","title":{"rendered":"Super Soco Tc Max"},"content":{"rendered":"\n<h3>Prix Batons ou Rayons = 5090 \u20ac ttc<\/h3>\n\n\n<p style=\"text-align: right;\">\u00a0<\/p>\n<h3><span style=\"vertical-align: inherit;\"><span style=\"vertical-align: inherit;\"><span style=\"vertical-align: inherit;\"><span style=\"vertical-align: inherit;\">Look vintage et technologie d&rsquo;aujourd&rsquo;hui mais pour les grands.<\/span><\/span><\/span><\/span><\/h3>\n<p><img loading=\"lazy\" class=\"aligncenter wp-image-145 size-large\" src=\"http:\/\/soco-store-lyon.com\/wp-content\/uploads\/2018\/11\/536859229387812678-1-1024x724.png\" alt=\"\" width=\"1024\" height=\"724\" srcset=\"https:\/\/soco-store-lyon.com\/wp-content\/uploads\/2018\/11\/536859229387812678-1-1024x724.png 1024w, https:\/\/soco-store-lyon.com\/wp-content\/uploads\/2018\/11\/536859229387812678-1-300x212.png 300w, https:\/\/soco-store-lyon.com\/wp-content\/uploads\/2018\/11\/536859229387812678-1-768x543.png 768w, https:\/\/soco-store-lyon.com\/wp-content\/uploads\/2018\/11\/536859229387812678-1-830x586.png 830w, https:\/\/soco-store-lyon.com\/wp-content\/uploads\/2018\/11\/536859229387812678-1-230x163.png 230w, https:\/\/soco-store-lyon.com\/wp-content\/uploads\/2018\/11\/536859229387812678-1-350x247.png 350w, https:\/\/soco-store-lyon.com\/wp-content\/uploads\/2018\/11\/536859229387812678-1-480x339.png 480w\" sizes=\"(max-width: 1024px) 100vw, 1024px\" \/><\/p>\n<p><span style=\"vertical-align: inherit;\"><span style=\"vertical-align: inherit;\"><span style=\"vertical-align: inherit;\"><span style=\"vertical-align: inherit;\">La super SOCO TC Max, avec ces lignes \u00e9pur\u00e9es et \u00e9l\u00e9gantes, une conception technique et technologique de pointe, une moto \u00e9lectrique au look vintage et aux performances sans \u00e9quivalent. <\/span><\/span><\/span><span style=\"vertical-align: inherit;\"><span style=\"vertical-align: inherit;\"><span style=\"vertical-align: inherit;\">La mobilit\u00e9 \u00e9lectrique n&rsquo;a jamais \u00e9t\u00e9 aussi moderne, inspirante et mature. <\/span><\/span><\/span><span style=\"vertical-align: inherit;\"><span style=\"vertical-align: inherit;\"><span style=\"vertical-align: inherit;\">Les mod\u00e8les SOCO TC Max sont le r\u00e9sultat de recherches et de technologies de pointe. <\/span><\/span><\/span><span style=\"vertical-align: inherit;\"><span style=\"vertical-align: inherit;\"><span style=\"vertical-align: inherit;\">Pour la premi\u00e8re fois, une \u00e9quipe d&rsquo;experts internationaux en coop\u00e9ration avec BOSCH, une cr\u00e9ation de mots qui r\u00e9pond \u00e0 toutes les exigences du monde d&rsquo;aujourd&rsquo;hui. <\/span><\/span><\/span><span style=\"vertical-align: inherit;\"><span style=\"vertical-align: inherit;\"><span style=\"vertical-align: inherit;\">Avec une autonomie jusqu&rsquo;\u00e0 140 km, il s&rsquo;agit d&rsquo;une moto \u00e9lectrique tous les jours pour les jeunes et les moins jeunes. <\/span><\/span><\/span><span style=\"vertical-align: inherit;\"><span style=\"vertical-align: inherit;\"><span style=\"vertical-align: inherit;\">Le super soco TC Max est disponible en noir.<img loading=\"lazy\" class=\"aligncenter wp-image-133 size-full\" src=\"http:\/\/soco-store-lyon.com\/wp-content\/uploads\/2018\/11\/Super_soco_blog.jpg\" alt=\"\" width=\"844\" height=\"844\" srcset=\"https:\/\/soco-store-lyon.com\/wp-content\/uploads\/2018\/11\/Super_soco_blog.jpg 844w, https:\/\/soco-store-lyon.com\/wp-content\/uploads\/2018\/11\/Super_soco_blog-150x150.jpg 150w, https:\/\/soco-store-lyon.com\/wp-content\/uploads\/2018\/11\/Super_soco_blog-300x300.jpg 300w, https:\/\/soco-store-lyon.com\/wp-content\/uploads\/2018\/11\/Super_soco_blog-768x768.jpg 768w, https:\/\/soco-store-lyon.com\/wp-content\/uploads\/2018\/11\/Super_soco_blog-830x830.jpg 830w, https:\/\/soco-store-lyon.com\/wp-content\/uploads\/2018\/11\/Super_soco_blog-230x230.jpg 230w, https:\/\/soco-store-lyon.com\/wp-content\/uploads\/2018\/11\/Super_soco_blog-350x350.jpg 350w, https:\/\/soco-store-lyon.com\/wp-content\/uploads\/2018\/11\/Super_soco_blog-480x480.jpg 480w\" sizes=\"(max-width: 844px) 100vw, 844px\" \/><\/span><\/span><\/span><\/span><\/p>\n<div class=\"gdcontainer\">\n<h2 style=\"text-align: center;\"><span style=\"vertical-align: inherit;\"><span style=\"vertical-align: inherit;\"><span style=\"vertical-align: inherit;\"><span style=\"vertical-align: inherit;\">CARACT\u00c9RISTIQUE TECHNIQUES\u00a0<\/span><\/span><\/span><\/span><\/h2>\n<p><img loading=\"lazy\" class=\"aligncenter wp-image-505 size-full\" src=\"http:\/\/soco-store-lyon.com\/wp-content\/uploads\/2020\/04\/Capturemax3.jpg\" alt=\"\" width=\"922\" height=\"264\" srcset=\"https:\/\/soco-store-lyon.com\/wp-content\/uploads\/2020\/04\/Capturemax3.jpg 922w, https:\/\/soco-store-lyon.com\/wp-content\/uploads\/2020\/04\/Capturemax3-300x86.jpg 300w, https:\/\/soco-store-lyon.com\/wp-content\/uploads\/2020\/04\/Capturemax3-768x220.jpg 768w, https:\/\/soco-store-lyon.com\/wp-content\/uploads\/2020\/04\/Capturemax3-830x238.jpg 830w, https:\/\/soco-store-lyon.com\/wp-content\/uploads\/2020\/04\/Capturemax3-230x66.jpg 230w, https:\/\/soco-store-lyon.com\/wp-content\/uploads\/2020\/04\/Capturemax3-350x100.jpg 350w, https:\/\/soco-store-lyon.com\/wp-content\/uploads\/2020\/04\/Capturemax3-480x137.jpg 480w\" sizes=\"(max-width: 922px) 100vw, 922px\" \/> <img loading=\"lazy\" class=\"aligncenter wp-image-506 size-full\" src=\"http:\/\/soco-store-lyon.com\/wp-content\/uploads\/2020\/04\/Capturemax2.jpg\" alt=\"\" width=\"922\" height=\"320\" srcset=\"https:\/\/soco-store-lyon.com\/wp-content\/uploads\/2020\/04\/Capturemax2.jpg 922w, https:\/\/soco-store-lyon.com\/wp-content\/uploads\/2020\/04\/Capturemax2-300x104.jpg 300w, https:\/\/soco-store-lyon.com\/wp-content\/uploads\/2020\/04\/Capturemax2-768x267.jpg 768w, https:\/\/soco-store-lyon.com\/wp-content\/uploads\/2020\/04\/Capturemax2-830x288.jpg 830w, https:\/\/soco-store-lyon.com\/wp-content\/uploads\/2020\/04\/Capturemax2-230x80.jpg 230w, https:\/\/soco-store-lyon.com\/wp-content\/uploads\/2020\/04\/Capturemax2-350x121.jpg 350w, https:\/\/soco-store-lyon.com\/wp-content\/uploads\/2020\/04\/Capturemax2-480x167.jpg 480w\" sizes=\"(max-width: 922px) 100vw, 922px\" \/><\/p>\n<\/div>\n<div class=\"tarif\" style=\"text-align: center;\">\n<div class=\"deux\">\n<div class=\"spec\">\n<div class=\"containspec\">\n<div class=\"containspecenter\">Vid\u00e9o de pr\u00e9sentation :\u00a0<a href=\"https:\/\/youtu.be\/uet6aGzcR6E\" rel=\"nofollow\">https:\/\/youtu.be\/uet6aGzcR6E<\/a><\/div>\n<\/div>\n<\/div>\n<\/div>\n<\/div>\n<p><img loading=\"lazy\" class=\"aligncenter wp-image-500 size-large\" src=\"http:\/\/soco-store-lyon.com\/wp-content\/uploads\/2020\/04\/DSC_8020-1024x684.jpg\" alt=\"\" width=\"1024\" height=\"684\" srcset=\"https:\/\/soco-store-lyon.com\/wp-content\/uploads\/2020\/04\/DSC_8020-1024x684.jpg 1024w, https:\/\/soco-store-lyon.com\/wp-content\/uploads\/2020\/04\/DSC_8020-300x200.jpg 300w, https:\/\/soco-store-lyon.com\/wp-content\/uploads\/2020\/04\/DSC_8020-768x513.jpg 768w, https:\/\/soco-store-lyon.com\/wp-content\/uploads\/2020\/04\/DSC_8020-1536x1025.jpg 1536w, https:\/\/soco-store-lyon.com\/wp-content\/uploads\/2020\/04\/DSC_8020-2048x1367.jpg 2048w, https:\/\/soco-store-lyon.com\/wp-content\/uploads\/2020\/04\/DSC_8020-830x554.jpg 830w, https:\/\/soco-store-lyon.com\/wp-content\/uploads\/2020\/04\/DSC_8020-230x154.jpg 230w, https:\/\/soco-store-lyon.com\/wp-content\/uploads\/2020\/04\/DSC_8020-350x234.jpg 350w, https:\/\/soco-store-lyon.com\/wp-content\/uploads\/2020\/04\/DSC_8020-480x320.jpg 480w\" sizes=\"(max-width: 1024px) 100vw, 1024px\" \/><\/p>","protected":false},"excerpt":{"rendered":"<p>Prix Batons ou Rayons = 5090 \u20ac ttc \u00a0 Look vintage et technologie d&rsquo;aujourd&rsquo;hui mais pour les grands. La super SOCO TC [&hellip;]<\/p>\n","protected":false},"author":1,"featured_media":0,"parent":0,"menu_order":0,"comment_status":"closed","ping_status":"closed","template":"","meta":[],"_links":{"self":[{"href":"https:\/\/soco-store-lyon.com\/index.php\/wp-json\/wp\/v2\/pages\/108"}],"collection":[{"href":"https:\/\/soco-store-lyon.com\/index.php\/wp-json\/wp\/v2\/pages"}],"about":[{"href":"https:\/\/soco-store-lyon.com\/index.php\/wp-json\/wp\/v2\/types\/page"}],"author":[{"embeddable":true,"href":"https:\/\/soco-store-lyon.com\/index.php\/wp-json\/wp\/v2\/users\/1"}],"replies":[{"embeddable":true,"href":"https:\/\/soco-store-lyon.com\/index.php\/wp-json\/wp\/v2\/comments?post=108"}],"version-history":[{"count":24,"href":"https:\/\/soco-store-lyon.com\/index.php\/wp-json\/wp\/v2\/pages\/108\/revisions"}],"predecessor-version":[{"id":909,"href":"https:\/\/soco-store-lyon.com\/index.php\/wp-json\/wp\/v2\/pages\/108\/revisions\/909"}],"wp:attachment":[{"href":"https:\/\/soco-store-lyon.com\/index.php\/wp-json\/wp\/v2\/media?parent=108"}],"curies":[{"name":"wp","href":"https:\/\/api.w.org\/{rel}","templated":true}]}}